{"id":9,"date":"2018-09-13T14:19:49","date_gmt":"2018-09-13T14:19:49","guid":{"rendered":"https:\/\/baselunar.com\/kerem2\/?page_id=9"},"modified":"2019-01-14T19:04:30","modified_gmt":"2019-01-14T19:04:30","slug":"recursos","status":"publish","type":"page","link":"https:\/\/baselunar.com\/kerem2\/recursos\/","title":{"rendered":"Recursos"},"content":{"rendered":"<p>[et_pb_section bb_built=&#8221;1&#8243;][et_pb_row][et_pb_column type=&#8221;4_4&#8243;][et_pb_text admin_label=&#8221;Page_tittle&#8221; _builder_version=&#8221;3.17.2&#8243; custom_margin=&#8221;-40px|||&#8221;]<\/p>\n<h3>Recursos sobre o Luto Prolongado<\/h3>\n<p>[\/et_pb_text][et_pb_divider _builder_version=&#8221;3.16&#8243; custom_margin=&#8221;-30px|||&#8221; \/][et_pb_slider admin_label=&#8221;Slider recursos&#8221; _builder_version=&#8221;3.17.2&#8243; show_arrows=&#8221;off&#8221; show_pagination=&#8221;off&#8221; background_image=&#8221;https:\/\/baselunar.com\/kerem2\/wp-content\/uploads\/2018\/10\/slide_bg_recursos.jpg&#8221; background_position=&#8221;bottom_center&#8221; link_option_url=&#8221;#outros_recursos&#8221;][et_pb_slide _builder_version=&#8221;3.17.2&#8243; button_link=&#8221;#&#8221; button_link_2=&#8221;#&#8221; url_new_window=&#8221;off&#8221; link_option_url_new_window=&#8221;off&#8221; background_color=&#8221;#ffffff&#8221; use_background_color_gradient=&#8221;off&#8221; background_color_gradient_start=&#8221;#2b87da&#8221; background_color_gradient_end=&#8221;#29c4a9&#8243; background_color_gradient_type=&#8221;linear&#8221; background_color_gradient_direction=&#8221;180deg&#8221; background_color_gradient_direction_radial=&#8221;center&#8221; background_color_gradient_start_position=&#8221;0%&#8221; background_color_gradient_end_position=&#8221;100%&#8221; background_color_gradient_overlays_image=&#8221;off&#8221; parallax=&#8221;off&#8221; parallax_method=&#8221;on&#8221; background_size=&#8221;cover&#8221; background_position=&#8221;center&#8221; background_repeat=&#8221;no-repeat&#8221; background_blend=&#8221;normal&#8221; allow_player_pause=&#8221;off&#8221; background_video_pause_outside_viewport=&#8221;on&#8221; admin_title=&#8221;Slite recursos&#8221; use_bg_overlay=&#8221;off&#8221; use_text_overlay=&#8221;on&#8221; text_overlay_color=&#8221;rgba(247,152,0,0.14)&#8221; text_border_radius=&#8221;3&#8243; alignment=&#8221;center&#8221; child_filter_hue_rotate=&#8221;0deg&#8221; child_filter_saturate=&#8221;100%&#8221; child_filter_brightness=&#8221;100%&#8221; child_filter_contrast=&#8221;100%&#8221; child_filter_invert=&#8221;0%&#8221; child_filter_sepia=&#8221;0%&#8221; child_filter_opacity=&#8221;100%&#8221; child_filter_blur=&#8221;0px&#8221; child_mix_blend_mode=&#8221;normal&#8221; background_layout=&#8221;dark&#8221; text_shadow_style=&#8221;none&#8221; header_text_shadow_style=&#8221;none&#8221; body_text_shadow_style=&#8221;none&#8221; custom_button=&#8221;off&#8221; button_bg_use_color_gradient=&#8221;off&#8221; button_bg_color_gradient_overlays_image=&#8221;off&#8221; button_use_icon=&#8221;on&#8221; button_on_hover=&#8221;on&#8221; button_text_shadow_style=&#8221;none&#8221; box_shadow_style_button=&#8221;none&#8221; hover_transition_duration=&#8221;300ms&#8221; hover_transition_delay=&#8221;0ms&#8221; hover_transition_speed_curve=&#8221;ease&#8221; text_shadow_horizontal_length=&#8221;0em&#8221; text_shadow_vertical_length=&#8221;0em&#8221; text_shadow_blur_strength=&#8221;0em&#8221; header_text_shadow_horizontal_length=&#8221;0em&#8221; header_text_shadow_vertical_length=&#8221;0em&#8221; header_text_shadow_blur_strength=&#8221;0em&#8221; body_text_shadow_horizontal_length=&#8221;0em&#8221; body_text_shadow_vertical_length=&#8221;0em&#8221; body_text_shadow_blur_strength=&#8221;0em&#8221; button_text_shadow_horizontal_length=&#8221;0em&#8221; button_text_shadow_vertical_length=&#8221;0em&#8221; button_text_shadow_blur_strength=&#8221;0em&#8221;]<\/p>\n<p>Outros Recursos e links de interesse<\/p>\n<p>[\/et_pb_slide][\/et_pb_slider][et_pb_text admin_label=&#8221;Tittle_section_Links&#8221; _builder_version=&#8221;3.17.2&#8243; custom_margin=&#8221;40px|||&#8221;]<\/p>\n<h3>Outros Recursos e Links de interesse<\/h3>\n<p>[\/et_pb_text][et_pb_divider _builder_version=&#8221;3.16&#8243; custom_margin=&#8221;-30px|||&#8221; \/][et_pb_text admin_label=&#8221;links&#8221; _builder_version=&#8221;3.17.2&#8243; text_orientation=&#8221;justified&#8221; module_id=&#8221;outros_recursos&#8221;]<\/p>\n<ul>\n<li><a href=\"https:\/\/www.ordemdospsicologos.pt\/pt\" target=\"_blank\" rel=\"noopener\">Ordem dos Psic\u00f3logos<\/a><\/li>\n<li><a href=\"https:\/\/www.psi.uminho.pt\/pt\/Sociedade\/Paginas\/Contactos.aspx\" target=\"_blank\" rel=\"noopener\">Universidade do Minho &#8211; Escola de Psicologia<\/a><\/li>\n<li><a href=\"https:\/\/cptl.pt\" target=\"_blank\" rel=\"noopener\">Centro de Psicologia do Trauma e do Luto<\/a><\/li>\n<li><a href=\"https:\/\/www.uc.pt\/fpce\/CPSC\/consultas\" target=\"_blank\" rel=\"noopener\">Centro de Presta\u00e7\u00e3o de Servi\u00e7os \u00e0 Comunidade &#8211; Consultas de Psicologia<\/a><\/li>\n<li><a href=\"http:\/\/www.psicologia.ulisboa.pt\/servico-a-comunidade\/servicosclinicos-2\/\" target=\"_blank\" rel=\"noopener\">Faculdade de Psicologia da Universidade de Lisboa &#8211; Servi\u00e7os Cl\u00ednicos<\/a><\/li>\n<li><a href=\"https:\/\/sigarra.up.pt\/fpceup\/pt\/uni_geral.unidade_view?pv_unidade=53\" target=\"_blank\" rel=\"noopener\">Faculdade de Psicologia e de Ci\u00eancias da Educa\u00e7\u00e3o da Universidade do Porto &#8211; Servi\u00e7o de Consulta Psicol\u00f3gica<\/a><\/li>\n<\/ul>\n<p>[\/et_pb_text][\/et_pb_column][\/et_pb_row][\/et_pb_section]<\/p>\n","protected":false},"excerpt":{"rendered":"<p><div class=\"et_pb_row et_pb_row_0 et_pb_row_empty\">\n\t\t\t\t\n\t\t\t\t\n\t\t\t\t\n\t\t\t\t\n\t\t\t\t\n\t\t\t<\/div> Recursos sobre o Luto Prolongado Outros Recursos e links de interesse Outros Recursos e Links de interesse Ordem dos Psic\u00f3logos Universidade do Minho &#8211; Escola de Psicologia Centro de Psicologia do Trauma e do Luto Centro de Presta\u00e7\u00e3o de Servi\u00e7os \u00e0 Comunidade &#8211; Consultas de Psicologia Faculdade de Psicologia da Universidade de Lisboa &#8211; [&hellip;]<\/p>\n","protected":false},"author":1,"featured_media":0,"parent":0,"menu_order":0,"comment_status":"closed","ping_status":"closed","template":"","meta":{"_et_pb_use_builder":"on","_et_pb_old_content":"<p>Psychoeducation is an evidence-based therapeutic intervention for patients and their loved ones that provides information and support to better understand and cope with illness. Psychoeducation is most often associated with serious mental illness, including dementia, schizophrenia, clinical depression, anxiety disorders, psychotic illnesses, eating disorders, personality disorders and autism, although the term has also been used for programs that address physical illnesses, such as cancer.<\/p><p>Psychoeducation offered to patients and family members teaches problem-solving and communication skills and provides education and resources in an empathetic and supportive environment. Results from more than 30 studies indicate psychoeducation improves family well-being, lower rates of relapse and improves recovery.<\/p><p>Family members of individuals with serious mental illnesses (SMI) are often involved in initiating, advocating for, and supporting their relative\u2019s mental health care. They may be thrust into the role of case manager, medication monitor, financial planner, or housing coordinator with little education or support to prepare them. Professionally delivered family psychoeducation is a potential resource for both individuals with SMI and their family members, designed to engage, educate, and support family members so that they can better assist the person with SMI in managing their illness. The importance of family involvement and the efficacy of family psychoeducation is recognized by best-practice guidelines for the treatment of individuals with serious mental health conditions.<\/p><p><!-- \/wp:paragraph --><\/p>","_et_gb_content_width":"","footnotes":""},"class_list":["post-9","page","type-page","status-publish","hentry"],"_links":{"self":[{"href":"https:\/\/baselunar.com\/kerem2\/wp-json\/wp\/v2\/pages\/9","targetHints":{"allow":["GET"]}}],"collection":[{"href":"https:\/\/baselunar.com\/kerem2\/wp-json\/wp\/v2\/pages"}],"about":[{"href":"https:\/\/baselunar.com\/kerem2\/wp-json\/wp\/v2\/types\/page"}],"author":[{"embeddable":true,"href":"https:\/\/baselunar.com\/kerem2\/wp-json\/wp\/v2\/users\/1"}],"replies":[{"embeddable":true,"href":"https:\/\/baselunar.com\/kerem2\/wp-json\/wp\/v2\/comments?post=9"}],"version-history":[{"count":33,"href":"https:\/\/baselunar.com\/kerem2\/wp-json\/wp\/v2\/pages\/9\/revisions"}],"predecessor-version":[{"id":611,"href":"https:\/\/baselunar.com\/kerem2\/wp-json\/wp\/v2\/pages\/9\/revisions\/611"}],"wp:attachment":[{"href":"https:\/\/baselunar.com\/kerem2\/wp-json\/wp\/v2\/media?parent=9"}],"curies":[{"name":"wp","href":"https:\/\/api.w.org\/{rel}","templated":true}]}}