{"id":7,"date":"2018-09-13T14:20:06","date_gmt":"2018-09-13T14:20:06","guid":{"rendered":"https:\/\/baselunar.com\/kerem2\/?page_id=7"},"modified":"2019-02-04T17:10:30","modified_gmt":"2019-02-04T17:10:30","slug":"about","status":"publish","type":"page","link":"https:\/\/baselunar.com\/kerem2\/","title":{"rendered":"Home"},"content":{"rendered":"<p>[et_pb_section bb_built=&#8221;1&#8243; _builder_version=&#8221;3.16&#8243; custom_margin=&#8221;0px|||&#8221; custom_padding=&#8221;0px|||&#8221;][et_pb_row _builder_version=&#8221;3.16&#8243;][et_pb_column type=&#8221;4_4&#8243;][et_pb_text admin_label=&#8221;Page_tittle&#8221; _builder_version=&#8221;3.19.11&#8243; custom_margin=&#8221;0px|||&#8221;]<\/p>\n<h3>Suporte social online no luto complicado<\/h3>\n<p>[\/et_pb_text][et_pb_divider _builder_version=&#8221;3.19.11&#8243; custom_margin=&#8221;-30px|||&#8221;]<\/p>\n<p>\n&nbsp;<\/p>\n<p>[\/et_pb_divider][et_pb_slider admin_label=&#8221;Slider&#8221; _builder_version=&#8221;3.19.11&#8243; background_image=&#8221;https:\/\/baselunar.com\/kerem2\/wp-content\/uploads\/2018\/10\/slide_bg_home.jpg&#8221; background_position=&#8221;bottom_center&#8221; auto=&#8221;on&#8221;][et_pb_slide _builder_version=&#8221;3.19.11&#8243; button_link=&#8221;#&#8221; button_link_2=&#8221;#&#8221; url_new_window=&#8221;off&#8221; link_option_url_new_window=&#8221;off&#8221; background_color=&#8221;#ffffff&#8221; use_background_color_gradient=&#8221;off&#8221; background_color_gradient_start=&#8221;#2b87da&#8221; background_color_gradient_end=&#8221;#29c4a9&#8243; background_color_gradient_type=&#8221;linear&#8221; background_color_gradient_direction=&#8221;180deg&#8221; background_color_gradient_direction_radial=&#8221;center&#8221; background_color_gradient_start_position=&#8221;0%&#8221; background_color_gradient_end_position=&#8221;100%&#8221; background_color_gradient_overlays_image=&#8221;off&#8221; parallax=&#8221;off&#8221; parallax_method=&#8221;on&#8221; background_size=&#8221;cover&#8221; background_position=&#8221;center&#8221; background_repeat=&#8221;no-repeat&#8221; background_blend=&#8221;normal&#8221; allow_player_pause=&#8221;off&#8221; background_video_pause_outside_viewport=&#8221;on&#8221; admin_title=&#8221;Slide 1 (Home)&#8221; use_bg_overlay=&#8221;off&#8221; use_text_overlay=&#8221;on&#8221; text_border_radius=&#8221;3&#8243; alignment=&#8221;center&#8221; child_filter_hue_rotate=&#8221;0deg&#8221; child_filter_saturate=&#8221;100%&#8221; child_filter_brightness=&#8221;100%&#8221; child_filter_contrast=&#8221;100%&#8221; child_filter_invert=&#8221;0%&#8221; child_filter_sepia=&#8221;0%&#8221; child_filter_opacity=&#8221;100%&#8221; child_filter_blur=&#8221;0px&#8221; child_mix_blend_mode=&#8221;normal&#8221; background_layout=&#8221;light&#8221; text_shadow_style=&#8221;none&#8221; header_text_shadow_style=&#8221;none&#8221; body_text_shadow_style=&#8221;none&#8221; button_text_shadow_style=&#8221;none&#8221; box_shadow_style_button=&#8221;none&#8221; hover_transition_duration=&#8221;300ms&#8221; hover_transition_delay=&#8221;0ms&#8221; hover_transition_speed_curve=&#8221;ease&#8221; text_overlay_color=&#8221;rgba(247,152,0,0.14)&#8221; text_shadow_horizontal_length=&#8221;0em&#8221; text_shadow_vertical_length=&#8221;0em&#8221; text_shadow_blur_strength=&#8221;0em&#8221; header_text_shadow_horizontal_length=&#8221;0em&#8221; header_text_shadow_vertical_length=&#8221;0em&#8221; header_text_shadow_blur_strength=&#8221;0em&#8221; body_text_shadow_horizontal_length=&#8221;0em&#8221; body_text_shadow_vertical_length=&#8221;0em&#8221; body_text_shadow_blur_strength=&#8221;0em&#8221; button_text_shadow_horizontal_length=&#8221;0em&#8221; button_text_shadow_vertical_length=&#8221;0em&#8221; button_text_shadow_blur_strength=&#8221;0em&#8221; body_font=&#8221;||on||||||&#8221; body_text_align=&#8221;center&#8221; body_text_color=&#8221;#666666&#8243; body_font_size=&#8221;22&#8243; body_font_size_tablet=&#8221;22&#8243; body_font_size_phone=&#8221;22&#8243; custom_button=&#8221;off&#8221; button_bg_use_color_gradient=&#8221;off&#8221; button_bg_color_gradient_overlays_image=&#8221;off&#8221; button_use_icon=&#8221;on&#8221; button_on_hover=&#8221;on&#8221;]<\/p>\n<p style=\"text-align: center;\"><em>Perder algu\u00e9m \u00e9 uma das experi\u00eancias mais dif\u00edceis da vida.<\/em><\/p>\n<p>[\/et_pb_slide][et_pb_slide _builder_version=&#8221;3.19.11&#8243; button_link=&#8221;#&#8221; button_link_2=&#8221;#&#8221; url_new_window=&#8221;off&#8221; link_option_url_new_window=&#8221;off&#8221; background_color=&#8221;#ffffff&#8221; use_background_color_gradient=&#8221;off&#8221; background_color_gradient_start=&#8221;#2b87da&#8221; background_color_gradient_end=&#8221;#29c4a9&#8243; background_color_gradient_type=&#8221;linear&#8221; background_color_gradient_direction=&#8221;180deg&#8221; background_color_gradient_direction_radial=&#8221;center&#8221; background_color_gradient_start_position=&#8221;0%&#8221; background_color_gradient_end_position=&#8221;100%&#8221; background_color_gradient_overlays_image=&#8221;off&#8221; parallax=&#8221;off&#8221; parallax_method=&#8221;on&#8221; background_size=&#8221;cover&#8221; background_position=&#8221;center&#8221; background_repeat=&#8221;no-repeat&#8221; background_blend=&#8221;normal&#8221; allow_player_pause=&#8221;off&#8221; background_video_pause_outside_viewport=&#8221;on&#8221; admin_title=&#8221;Slide 2 (Home)&#8221; use_bg_overlay=&#8221;off&#8221; use_text_overlay=&#8221;on&#8221; text_border_radius=&#8221;3&#8243; alignment=&#8221;center&#8221; child_filter_hue_rotate=&#8221;0deg&#8221; child_filter_saturate=&#8221;100%&#8221; child_filter_brightness=&#8221;100%&#8221; child_filter_contrast=&#8221;100%&#8221; child_filter_invert=&#8221;0%&#8221; child_filter_sepia=&#8221;0%&#8221; child_filter_opacity=&#8221;100%&#8221; child_filter_blur=&#8221;0px&#8221; child_mix_blend_mode=&#8221;normal&#8221; background_layout=&#8221;light&#8221; text_shadow_style=&#8221;none&#8221; header_text_shadow_style=&#8221;none&#8221; body_text_shadow_style=&#8221;none&#8221; button_text_shadow_style=&#8221;none&#8221; box_shadow_style_button=&#8221;none&#8221; hover_transition_duration=&#8221;300ms&#8221; hover_transition_delay=&#8221;0ms&#8221; hover_transition_speed_curve=&#8221;ease&#8221; text_overlay_color=&#8221;rgba(247,152,0,0.14)&#8221; text_shadow_horizontal_length=&#8221;0em&#8221; text_shadow_vertical_length=&#8221;0em&#8221; text_shadow_blur_strength=&#8221;0em&#8221; header_text_shadow_horizontal_length=&#8221;0em&#8221; header_text_shadow_vertical_length=&#8221;0em&#8221; header_text_shadow_blur_strength=&#8221;0em&#8221; body_text_shadow_horizontal_length=&#8221;0em&#8221; body_text_shadow_vertical_length=&#8221;0em&#8221; body_text_shadow_blur_strength=&#8221;0em&#8221; button_text_shadow_horizontal_length=&#8221;0em&#8221; button_text_shadow_vertical_length=&#8221;0em&#8221; button_text_shadow_blur_strength=&#8221;0em&#8221; body_font=&#8221;||on||||||&#8221; body_text_align=&#8221;center&#8221; body_text_color=&#8221;#666666&#8243; body_font_size=&#8221;22&#8243; body_font_size_tablet=&#8221;22&#8243; body_font_size_phone=&#8221;22&#8243; custom_button=&#8221;off&#8221; button_bg_use_color_gradient=&#8221;off&#8221; button_bg_color_gradient_overlays_image=&#8221;off&#8221; button_use_icon=&#8221;on&#8221; button_on_hover=&#8221;on&#8221;]<\/p>\n<p style=\"text-align: center;\"><em>N\u00e3o fique sozinho nesse processo. N\u00e3o fique sozinho na sua dor.<\/em><\/p>\n<p>[\/et_pb_slide][\/et_pb_slider][et_pb_text admin_label=&#8221;Text_about_page&#8221; _builder_version=&#8221;3.19.11&#8243; text_orientation=&#8221;justified&#8221;]<\/p>\n<h4>\u00a0<\/h4>\n<h3><strong>Luto normativo e luto complicado <\/strong><\/h3>\n<p><strong>O luto \u00e9 uma experi\u00eancia universal que pode ser extraordinariamente dolorosa.\u00a0<\/strong>Aprender a conviver com a perda n\u00e3o \u00e9 um processo simples ou r\u00e1pido. As pessoas enlutadas podem sofrer de depress\u00e3o, ansiedade, e podem ainda ter dificuldade em formas novas rela\u00e7\u00f5es, ou em trabalhar como antes. Uma perda significativa pode esvaziar o mundo de significado. Como se a pessoa se perguntasse constantemente como pode o mundo continuar o seu curso normal, sem o seu ente querido nele. Apesar do sofrimento, a maioria dos indiv\u00edduos retorna aos n\u00edveis normais de funcionamento num per\u00edodo de um ano ap\u00f3s a perda.<\/p>\n<p>Contudo, depois de uma grande perda (ou quando h\u00e1 perdas repetidas), 10-20% dos indiv\u00edduos experimentam o que se designa por <strong>luto complicado<\/strong>, que consiste na persist\u00eancia de sofrimento por um per\u00edodo muito mais consider\u00e1vel de tempo. Nestes casos pode ser necess\u00e1ria ajuda especializada.\u00a0<strong>Um dos fatores que pode complicar a evolu\u00e7\u00e3o normal dos lutos \u00e9 a aus\u00eancia de pessoas com quem o sofrimento possa ser partilhado. <\/strong>Transformar o sofrimento da perda (ou a pr\u00f3pria perda) numa esp\u00e9cie de segredo, fingindo que a vida continua normalmente \u00e9 um dos fatores que contribui para a n\u00e3o resolu\u00e7\u00e3o do luto, para a persist\u00eancia da dor. Assim, o apoio dos outros \u00e9 um fator importante neste processo, como forma de partilha e de suporte.<\/p>\n<h4>\u00a0<\/h4>\n<h3><strong>Sobre o projeto<\/strong><\/h3>\n<p>O funcionamento deste site insere-se no desenvolvimento do projeto de investiga\u00e7\u00e3o intitulado <strong><em>\u201cSuporte social online no luto complicado\u201d,\u00a0<\/em><\/strong>integrado na Unidade de Investiga\u00e7\u00e3o em Psicoterapia e Psicopatologia da Escola de Psicologia da Universidade do Minho. <strong>A participa\u00e7\u00e3o neste blog contribuir\u00e1 desta forma, para a produ\u00e7\u00e3o de conhecimento cient\u00edfico sobre a adapta\u00e7\u00e3o ao luto complicado.<\/strong><\/p>\n<p>Este site pretende potenciar a capacidade das pessoas se apoiarem em situa\u00e7\u00f5es de perda, <strong>proporcionando um ambiente seguro e controlado<\/strong>. Desta forma, um moderador com forma\u00e7\u00e3o em psicologia assegurar\u00e1 a utiliza\u00e7\u00e3o do site, que consiste num grupo fechado em que os participantes podem partilhar as suas experi\u00eancias. Pretende-se assim assegurar o respeito pela sensibilidade de todos e a partilha de experi\u00eancias dif\u00edceis.<\/p>\n<p>Os objetivos deste grupo de suporte s\u00e3o:<\/p>\n<p style=\"padding-left: 30px;\"><strong>(1) Apoiar as pessoas enlutadas e satisfazer a sua necessidade de apoio social <\/strong><\/p>\n<p style=\"padding-left: 30px;\"><strong>(2) ao mesmo tempo testar a efic\u00e1cia deste apoio num formato online, com a modera\u00e7\u00e3o de especialistas em psicologia.<\/strong><\/p>\n<p>Se est\u00e1 a sofrer com a perda de um ente querido, envie-nos uma mensagem e ser\u00e1 contactado(a) com mais informa\u00e7\u00e3o para que possa participar neste site, bem como obter informa\u00e7\u00e3o especializada sobre o luto. Para participar neste projeto precisa ter mais de 18 anos.<\/p>\n<p>\u00a0<\/p>\n<p>[\/et_pb_text][\/et_pb_column][\/et_pb_row][\/et_pb_section]<\/p>\n","protected":false},"excerpt":{"rendered":"<p>Suporte social online no luto complicado &nbsp; Perder algu\u00e9m \u00e9 uma das experi\u00eancias mais dif\u00edceis da vida. N\u00e3o fique sozinho nesse processo. N\u00e3o fique sozinho na sua dor. \u00a0Luto normativo e luto complicado O luto \u00e9 uma experi\u00eancia universal que pode ser extraordinariamente dolorosa.\u00a0Aprender a conviver com a perda n\u00e3o \u00e9 um processo simples ou [&hellip;]<\/p>\n","protected":false},"author":1,"featured_media":0,"parent":0,"menu_order":0,"comment_status":"closed","ping_status":"closed","template":"","meta":{"_et_pb_use_builder":"on","_et_pb_old_content":"","_et_gb_content_width":"","footnotes":""},"class_list":["post-7","page","type-page","status-publish","hentry"],"_links":{"self":[{"href":"https:\/\/baselunar.com\/kerem2\/wp-json\/wp\/v2\/pages\/7","targetHints":{"allow":["GET"]}}],"collection":[{"href":"https:\/\/baselunar.com\/kerem2\/wp-json\/wp\/v2\/pages"}],"about":[{"href":"https:\/\/baselunar.com\/kerem2\/wp-json\/wp\/v2\/types\/page"}],"author":[{"embeddable":true,"href":"https:\/\/baselunar.com\/kerem2\/wp-json\/wp\/v2\/users\/1"}],"replies":[{"embeddable":true,"href":"https:\/\/baselunar.com\/kerem2\/wp-json\/wp\/v2\/comments?post=7"}],"version-history":[{"count":59,"href":"https:\/\/baselunar.com\/kerem2\/wp-json\/wp\/v2\/pages\/7\/revisions"}],"predecessor-version":[{"id":616,"href":"https:\/\/baselunar.com\/kerem2\/wp-json\/wp\/v2\/pages\/7\/revisions\/616"}],"wp:attachment":[{"href":"https:\/\/baselunar.com\/kerem2\/wp-json\/wp\/v2\/media?parent=7"}],"curies":[{"name":"wp","href":"https:\/\/api.w.org\/{rel}","templated":true}]}}