{"id":601,"date":"2019-01-14T18:43:45","date_gmt":"2019-01-14T18:43:45","guid":{"rendered":"https:\/\/baselunar.com\/kerem2\/?page_id=601"},"modified":"2019-02-04T18:49:58","modified_gmt":"2019-02-04T18:49:58","slug":"faq","status":"publish","type":"page","link":"https:\/\/baselunar.com\/kerem2\/faq\/","title":{"rendered":"FAQ"},"content":{"rendered":"<p>[et_pb_section bb_built=&#8221;1&#8243;][et_pb_row][et_pb_column type=&#8221;4_4&#8243;][et_pb_text admin_label=&#8221;Page_tittle&#8221; _builder_version=&#8221;3.19.2&#8243; custom_margin=&#8221;-40px|||&#8221;]<\/p>\n<h3>FAQ<\/h3>\n<p>[\/et_pb_text][et_pb_divider _builder_version=&#8221;3.16&#8243; custom_margin=&#8221;-30px|||&#8221; \/][et_pb_slider admin_label=&#8221;Slider FAQ&#8221; _builder_version=&#8221;3.19.2&#8243; show_arrows=&#8221;off&#8221; show_pagination=&#8221;off&#8221; background_image=&#8221;https:\/\/baselunar.com\/kerem2\/wp-content\/uploads\/2019\/01\/Psychoeducation_img_003.jpg&#8221; background_position=&#8221;bottom_center&#8221;][et_pb_slide _builder_version=&#8221;3.19.2&#8243; button_link=&#8221;#&#8221; button_link_2=&#8221;#&#8221; url_new_window=&#8221;off&#8221; link_option_url_new_window=&#8221;off&#8221; background_color=&#8221;#ffffff&#8221; use_background_color_gradient=&#8221;off&#8221; background_color_gradient_start=&#8221;#2b87da&#8221; background_color_gradient_end=&#8221;#29c4a9&#8243; background_color_gradient_type=&#8221;linear&#8221; background_color_gradient_direction=&#8221;180deg&#8221; background_color_gradient_direction_radial=&#8221;center&#8221; background_color_gradient_start_position=&#8221;0%&#8221; background_color_gradient_end_position=&#8221;100%&#8221; background_color_gradient_overlays_image=&#8221;off&#8221; parallax=&#8221;off&#8221; parallax_method=&#8221;on&#8221; background_size=&#8221;cover&#8221; background_position=&#8221;center&#8221; background_repeat=&#8221;no-repeat&#8221; background_blend=&#8221;normal&#8221; allow_player_pause=&#8221;off&#8221; background_video_pause_outside_viewport=&#8221;on&#8221; admin_title=&#8221;Slide faq&#8221; use_bg_overlay=&#8221;off&#8221; use_text_overlay=&#8221;off&#8221; text_overlay_color=&#8221;rgba(247,152,0,0.14)&#8221; text_border_radius=&#8221;3&#8243; alignment=&#8221;center&#8221; child_filter_hue_rotate=&#8221;0deg&#8221; child_filter_saturate=&#8221;100%&#8221; child_filter_brightness=&#8221;100%&#8221; child_filter_contrast=&#8221;100%&#8221; child_filter_invert=&#8221;0%&#8221; child_filter_sepia=&#8221;0%&#8221; child_filter_opacity=&#8221;100%&#8221; child_filter_blur=&#8221;0px&#8221; child_mix_blend_mode=&#8221;normal&#8221; background_layout=&#8221;dark&#8221; text_shadow_style=&#8221;none&#8221; header_text_shadow_style=&#8221;none&#8221; body_text_shadow_style=&#8221;none&#8221; custom_button=&#8221;off&#8221; button_bg_use_color_gradient=&#8221;off&#8221; button_bg_color_gradient_overlays_image=&#8221;off&#8221; button_use_icon=&#8221;on&#8221; button_on_hover=&#8221;on&#8221; button_text_shadow_style=&#8221;none&#8221; box_shadow_style_button=&#8221;none&#8221; hover_transition_duration=&#8221;300ms&#8221; hover_transition_delay=&#8221;0ms&#8221; hover_transition_speed_curve=&#8221;ease&#8221; text_shadow_horizontal_length=&#8221;0em&#8221; text_shadow_vertical_length=&#8221;0em&#8221; text_shadow_blur_strength=&#8221;0em&#8221; header_text_shadow_horizontal_length=&#8221;0em&#8221; header_text_shadow_vertical_length=&#8221;0em&#8221; header_text_shadow_blur_strength=&#8221;0em&#8221; body_text_shadow_horizontal_length=&#8221;0em&#8221; body_text_shadow_vertical_length=&#8221;0em&#8221; body_text_shadow_blur_strength=&#8221;0em&#8221; button_text_shadow_horizontal_length=&#8221;0em&#8221; button_text_shadow_vertical_length=&#8221;0em&#8221; button_text_shadow_blur_strength=&#8221;0em&#8221; \/][\/et_pb_slider][et_pb_text admin_label=&#8221;Tittle_faq&#8221; _builder_version=&#8221;3.19.2&#8243; custom_margin=&#8221;40px|||&#8221;]<\/p>\n<h3>Frequently-asked questions<\/h3>\n<p>[\/et_pb_text][et_pb_text admin_label=&#8221;Text_faq&#8221; _builder_version=&#8221;3.19.11&#8243; text_orientation=&#8221;justified&#8221;]<\/p>\n<p><strong>1. Como posso me candidatar para ser um(a) participante?<\/strong><br \/>Para participar neste projeto \u00e9 necess\u00e1rio entrar em contato com a equipa de investiga\u00e7\u00e3o por meio do <a href=\"https:\/\/baselunar.com\/kerem2\/contact-us\/\">formul\u00e1rio<\/a> no site.<\/p>\n<p><strong>2. Qual a dura\u00e7\u00e3o do grupo de suporte online?<\/strong> <br \/>O grupo de suporte social online ter\u00e1 a dura\u00e7\u00e3o de 4 meses.<\/p>\n<p><strong>3. Quais s\u00e3o os requisitos para se tornar um participante?<\/strong><br \/>Para participar do grupo, \u00e9 necess\u00e1rio ter conhecimentos b\u00e1sicos de internet e inform\u00e1tica. Os participantes ter\u00e3o um nome de usu\u00e1rio e uma senha para entrar no blog onde funcionar\u00e1 o grupo.<\/p>\n<p><strong>4. Existem outros requisitos espec\u00edficos para se tornar um participante?<\/strong><br \/>Sim. Os participantes precisam passar por uma fase de triagem cl\u00ednica antes de receber acesso ao blog online. Al\u00e9m disso, devido ao tema de pesquisa sob investiga\u00e7\u00e3o, o tempo de perda do ente querido precisa ser superior a 6 meses.<\/p>\n<p><strong>5. Vou precisar preencher question\u00e1rios?<br \/><\/strong>Sim. Cada participante dever\u00e1 preencher alguns question\u00e1rios a cada quinze dias.<\/p>\n<p><strong>6. Como ser\u00e1 protegida a minha identidade?<\/strong> <br \/>Os participantes ser\u00e3o registados no blog usando pseud\u00f3nimos e n\u00e3o poder\u00e3o compartilhar informa\u00e7\u00f5es pessoais que os identifiquem (exemplo: nome real, contactos) com os outros participantes. N\u00e3o \u00e9 permitido compartilhar fotos do falecido na plataforma. O site n\u00e3o recolhe cookies dos participantes, ou seja, n\u00e3o recolhe informa\u00e7\u00f5es digitais dos computadores dos participantes.<\/p>\n<p>Os investigadores recolheram apenas as informa\u00e7\u00f5es escritas compartilhadas no blog e somente a equipe de pesquisa ter\u00e1 acesso a elas.<\/p>\n<p><strong>7. E se eu quiser desistir da pesquisa?<\/strong> <br \/>A participa\u00e7\u00e3o no blog \u00e9 totalmente volunt\u00e1ria. Os participantes podem optar por sair do blog a qualquer momento. No entanto \u00e9 esperado que os participantes permane\u00e7am o tempo indicado (4 meses) de forma a contribu\u00edrem para a realiza\u00e7\u00e3o da investiga\u00e7\u00e3o em curso.<\/p>\n<p><strong>8. Tenho que pagar para participar neste projeto?<\/strong> <br \/>N\u00e3o. A participa\u00e7\u00e3o neste grupo \u00e9 gratuita.<\/p>\n<p><strong>9. Qual a vantagem em participar neste grupo? <\/strong><br \/>A vantagem principal \u00e9 poder partilhar a experi\u00eancia do luto com outras pessoas que est\u00e3o a passar pelo mesmo processo. Essa partilha ocorrer\u00e1 no blog, um espa\u00e7o reservado e confidencial com a modera\u00e7\u00e3o de um dos investigadores.<\/p>\n<p><strong>10. O grupo vai ter alguma esp\u00e9cie de interven\u00e7\u00e3o psicol\u00f3gica?<\/strong> <br \/>N\u00e3o. O objetivo da pesquisa \u00e9 medir efic\u00e1cia do suporte social online em luto prolongado. Nesse sentido, o moderador n\u00e3o implementar\u00e1 nenhum tipo de interven\u00e7\u00e3o psicol\u00f3gica.<\/p>\n<p><strong>11. O que vai acontecer ao que os participantes escreverem no blog?<\/strong> <br \/>Os materiais escritos do blog ser\u00e3o analisados pelo grupo de investiga\u00e7\u00e3o para melhor entender a import\u00e2ncia do apoio social online no processo do luto.<\/p>\n<p><strong>12. Posso participar neste projeto se estiver a receber acompanhamento psicol\u00f3gico? E se estiver medicado(a)?<\/strong> <br \/>Se estiver a receber acompanhamento psicol\u00f3gico n\u00e3o poder\u00e1 participar no projeto. Se estiver medicado(a) com psicof\u00e1rmacos pode participar no projeto.<\/p>\n<p>\u00a0<\/p>\n<p><!-- \/wp:paragraph --><\/p>\n<p>[\/et_pb_text][\/et_pb_column][\/et_pb_row][\/et_pb_section]<\/p>\n","protected":false},"excerpt":{"rendered":"<p><div class=\"et_pb_row et_pb_row_0 et_pb_row_empty\">\n\t\t\t\t\n\t\t\t\t\n\t\t\t\t\n\t\t\t\t\n\t\t\t\t\n\t\t\t<\/div> FAQ Frequently-asked questions 1. Como posso me candidatar para ser um(a) participante?Para participar neste projeto \u00e9 necess\u00e1rio entrar em contato com a equipa de investiga\u00e7\u00e3o por meio do formul\u00e1rio no site.2. Qual a dura\u00e7\u00e3o do grupo de suporte online? O grupo de suporte social online ter\u00e1 a dura\u00e7\u00e3o de 4 meses.3. Quais s\u00e3o os [&hellip;]<\/p>\n","protected":false},"author":1,"featured_media":0,"parent":0,"menu_order":0,"comment_status":"closed","ping_status":"closed","template":"","meta":{"_et_pb_use_builder":"on","_et_pb_old_content":"","_et_gb_content_width":"","footnotes":""},"class_list":["post-601","page","type-page","status-publish","hentry"],"_links":{"self":[{"href":"https:\/\/baselunar.com\/kerem2\/wp-json\/wp\/v2\/pages\/601","targetHints":{"allow":["GET"]}}],"collection":[{"href":"https:\/\/baselunar.com\/kerem2\/wp-json\/wp\/v2\/pages"}],"about":[{"href":"https:\/\/baselunar.com\/kerem2\/wp-json\/wp\/v2\/types\/page"}],"author":[{"embeddable":true,"href":"https:\/\/baselunar.com\/kerem2\/wp-json\/wp\/v2\/users\/1"}],"replies":[{"embeddable":true,"href":"https:\/\/baselunar.com\/kerem2\/wp-json\/wp\/v2\/comments?post=601"}],"version-history":[{"count":3,"href":"https:\/\/baselunar.com\/kerem2\/wp-json\/wp\/v2\/pages\/601\/revisions"}],"predecessor-version":[{"id":624,"href":"https:\/\/baselunar.com\/kerem2\/wp-json\/wp\/v2\/pages\/601\/revisions\/624"}],"wp:attachment":[{"href":"https:\/\/baselunar.com\/kerem2\/wp-json\/wp\/v2\/media?parent=601"}],"curies":[{"name":"wp","href":"https:\/\/api.w.org\/{rel}","templated":true}]}}