{"id":392,"date":"2018-10-13T19:29:14","date_gmt":"2018-10-13T19:29:14","guid":{"rendered":"https:\/\/baselunar.com\/kerem2\/?page_id=392"},"modified":"2018-10-14T19:24:36","modified_gmt":"2018-10-14T19:24:36","slug":"reset-password","status":"publish","type":"page","link":"https:\/\/baselunar.com\/kerem2\/reset-password\/","title":{"rendered":"Inicializar a sua senha"},"content":{"rendered":"<p>[et_pb_section bb_built=&#8221;1&#8243;][et_pb_row][et_pb_column type=&#8221;4_4&#8243;][et_pb_text admin_label=&#8221;T\u00edtulo&#8221; _builder_version=&#8221;3.17.1&#8243; text_font_size=&#8221;30px&#8221;]<\/p>\n<p><span style=\"color: #000000;\">Redefinir ou alterar a sua senha<\/span><\/p>\n<p>[\/et_pb_text][et_pb_text admin_label=&#8221;Texto Redefinir ou alterar a sua senha&#8221; _builder_version=&#8221;3.17.1&#8243;]<\/p>\n<p>Se n\u00e3o recorda a sua senha, pode inicializ\u00e1-la desde esta p\u00e1gina.\u00a0Enviaremos uma nova senha a sua caixa de email.<br \/>\nPode altera-la novamente desde a p\u00e1gina do seu perfil no Blog ou, se ja tem uma sess\u00e3o iniciada, desde esta mesma p\u00e1gina.<br \/>\nSe altera a sua senha, dever\u00e1 fazer logout e de seguido, novamente login.<\/p>\n<div id=\"wpmem_login\"><a id=\"pwdreset\"><\/a><form action=\"https:\/\/baselunar.com\/kerem2\/reset-password\/\" method=\"POST\" id=\"wpmem_pwdreset_form\" class=\"form\"><input type=\"hidden\" id=\"_wpmem_pwdreset_nonce\" name=\"_wpmem_pwdreset_nonce\" value=\"a566bca01a\" \/><input type=\"hidden\" name=\"_wp_http_referer\" value=\"\/kerem2\/wp-json\/wp\/v2\/pages\/392\" \/><fieldset><legend>Redefinir password esquecida<\/legend><label for=\"user\">Username or Email<\/label><div class=\"div_text\"><input name=\"user\" type=\"text\" id=\"user\" value=\"\" class=\"username\" required  \/><\/div><input name=\"a\" type=\"hidden\" value=\"pwdreset\" \/><input name=\"redirect_to\" type=\"hidden\" value=\"\/kerem2\/wp-json\/wp\/v2\/pages\/392\" \/><input name=\"formsubmit\" type=\"hidden\" value=\"1\" \/><div class=\"button_div\"><input type=\"submit\" name=\"Submit\" value=\"Redefinir senha\" class=\"buttons\" \/><\/div><div class=\"link-text\"><span class=\"link-text-username\">Forgot username?&nbsp;<a href=\"https:\/\/baselunar.com\/kerem2\/qual-e-o-meu-username\/?a=getusername\">Click here<\/a><\/span><\/div><\/fieldset><\/form><\/div>\n<p>[\/et_pb_text][\/et_pb_column][\/et_pb_row][\/et_pb_section]<\/p>\n","protected":false},"excerpt":{"rendered":"<p><div class=\"et_pb_row et_pb_row_0 et_pb_row_empty\">\n\t\t\t\t\n\t\t\t\t\n\t\t\t\t\n\t\t\t\t\n\t\t\t\t\n\t\t\t<\/div> Redefinir ou alterar a sua senha Se n\u00e3o recorda a sua senha, pode inicializ\u00e1-la desde esta p\u00e1gina.\u00a0Enviaremos uma nova senha a sua caixa de email. Pode altera-la novamente desde a p\u00e1gina do seu perfil no Blog ou, se ja tem uma sess\u00e3o iniciada, desde esta mesma p\u00e1gina. Se altera a sua senha, dever\u00e1 fazer [&hellip;]<\/p>\n","protected":false},"author":4,"featured_media":0,"parent":0,"menu_order":0,"comment_status":"closed","ping_status":"closed","template":"","meta":{"_et_pb_use_builder":"on","_et_pb_old_content":"<p>Se n\u00e3o recorda a sua senha, pode inicializ\u00e1-la desde esta p\u00e1gina.<\/p><p>Se o problema persistir, contate-nos desde este formul\u00e1rio:<\/p><p>\u00a0<\/p><p>[wpmem_form password]<\/p><p>\u00a0<\/p><p>\u00a0<\/p>","_et_gb_content_width":"","footnotes":""},"class_list":["post-392","page","type-page","status-publish","hentry"],"_links":{"self":[{"href":"https:\/\/baselunar.com\/kerem2\/wp-json\/wp\/v2\/pages\/392","targetHints":{"allow":["GET"]}}],"collection":[{"href":"https:\/\/baselunar.com\/kerem2\/wp-json\/wp\/v2\/pages"}],"about":[{"href":"https:\/\/baselunar.com\/kerem2\/wp-json\/wp\/v2\/types\/page"}],"author":[{"embeddable":true,"href":"https:\/\/baselunar.com\/kerem2\/wp-json\/wp\/v2\/users\/4"}],"replies":[{"embeddable":true,"href":"https:\/\/baselunar.com\/kerem2\/wp-json\/wp\/v2\/comments?post=392"}],"version-history":[{"count":28,"href":"https:\/\/baselunar.com\/kerem2\/wp-json\/wp\/v2\/pages\/392\/revisions"}],"predecessor-version":[{"id":522,"href":"https:\/\/baselunar.com\/kerem2\/wp-json\/wp\/v2\/pages\/392\/revisions\/522"}],"wp:attachment":[{"href":"https:\/\/baselunar.com\/kerem2\/wp-json\/wp\/v2\/media?parent=392"}],"curies":[{"name":"wp","href":"https:\/\/api.w.org\/{rel}","templated":true}]}}