{"id":13,"date":"2018-09-13T14:20:55","date_gmt":"2018-09-13T14:20:55","guid":{"rendered":"https:\/\/baselunar.com\/kerem2\/?page_id=13"},"modified":"2019-02-04T17:26:36","modified_gmt":"2019-02-04T17:26:36","slug":"contact-us","status":"publish","type":"page","link":"https:\/\/baselunar.com\/kerem2\/contact-us\/","title":{"rendered":"Contatar"},"content":{"rendered":"<p>[et_pb_section bb_built=&#8221;1&#8243;][et_pb_row][et_pb_column type=&#8221;4_4&#8243;][et_pb_text admin_label=&#8221;Page_tittle&#8221; _builder_version=&#8221;3.19.11&#8243; custom_margin=&#8221;-40px|||&#8221;]<\/p>\n<h3>Formul\u00e1rio de contacto<\/h3>\n<p>[\/et_pb_text][et_pb_divider _builder_version=&#8221;3.17.2&#8243; custom_margin=&#8221;-30px|||&#8221; \/][et_pb_text admin_label=&#8221;Text_contact_form&#8221; _builder_version=&#8221;3.19.11&#8243;]<\/p>\n<p>Todas as informa\u00e7\u00f5es facultadas nesta p\u00e1gina s\u00e3o confidenciais e n\u00e3o ser\u00e3o usadas para nenhum outro fim exceto o de contatar as pessoas inscritas para a participa\u00e7\u00e3o no projeto de investiga\u00e7\u00e3o &#8220;<strong>Suporte social online no luto complicado<\/strong>&#8220;.\u00a0Por favor, indique-nos os seus contatos para que possamos falar consigo.<\/p>\n<p>Responda \u00e0s seguintes quest\u00f5es, para que possamos ficar a conhec\u00ea-lo(a) um pouco melhor.<\/p>\n<p><!-- \/wp:paragraph --><\/p>\n<p>[\/et_pb_text][et_pb_contact_form _builder_version=&#8221;3.19.2&#8243; submit_button_text=&#8221;Enviar&#8221; use_redirect=&#8221;on&#8221; redirect_url=&#8221;https:\/\/baselunar.com\/kerem2\/obrigado\/&#8221;][et_pb_contact_field field_title=&#8221;Nome completo&#8221; field_type=&#8221;input&#8221; field_id=&#8221;name&#8221; required_mark=&#8221;on&#8221; fullwidth_field=&#8221;on&#8221; _builder_version=&#8221;3.19.2&#8243; checkbox_checked=&#8221;off&#8221; checkbox_options=&#8221;%91{%22value%22:%22Name%22,%22checked%22:0}%93&#8243; radio_options=&#8221;%91{%22value%22:%22Name%22,%22checked%22:0}%93&#8243; select_options=&#8221;%91{%22value%22:%22Name%22,%22checked%22:0}%93&#8243; min_length=&#8221;0&#8243; max_length=&#8221;0&#8243; allowed_symbols=&#8221;all&#8221; conditional_logic=&#8221;off&#8221; conditional_logic_relation=&#8221;off&#8221; conditional_logic_rules=&#8221;%91{%22field%22:%22email%22,%22condition%22:%22is%22,%22value%22:%22%22}%93&#8243; use_background_color_gradient=&#8221;off&#8221; background_color_gradient_start=&#8221;#2b87da&#8221; background_color_gradient_end=&#8221;#29c4a9&#8243; background_color_gradient_type=&#8221;linear&#8221; background_color_gradient_direction=&#8221;180deg&#8221; background_color_gradient_direction_radial=&#8221;center&#8221; background_color_gradient_start_position=&#8221;0%&#8221; background_color_gradient_end_position=&#8221;100%&#8221; background_color_gradient_overlays_image=&#8221;off&#8221; parallax=&#8221;off&#8221; parallax_method=&#8221;on&#8221; background_size=&#8221;cover&#8221; background_position=&#8221;center&#8221; background_repeat=&#8221;no-repeat&#8221; background_blend=&#8221;normal&#8221; allow_player_pause=&#8221;off&#8221; background_video_pause_outside_viewport=&#8221;on&#8221; form_field_text_shadow_style=&#8221;none&#8221; box_shadow_style=&#8221;none&#8221; link_option_url_new_window=&#8221;off&#8221; form_field_text_shadow_horizontal_length=&#8221;0em&#8221; form_field_text_shadow_vertical_length=&#8221;0em&#8221; form_field_text_shadow_blur_strength=&#8221;0em&#8221; hover_transition_duration=&#8221;300ms&#8221; hover_transition_delay=&#8221;0ms&#8221; hover_transition_speed_curve=&#8221;ease&#8221; \/][et_pb_contact_field field_title=&#8221;Endere\u00e7o do Email&#8221; field_type=&#8221;email&#8221; field_id=&#8221;email&#8221; required_mark=&#8221;on&#8221; fullwidth_field=&#8221;on&#8221; _builder_version=&#8221;3.19.2&#8243; checkbox_checked=&#8221;off&#8221; checkbox_options=&#8221;%91{%22value%22:%22Email Address%22,%22checked%22:0}%93&#8243; radio_options=&#8221;%91{%22value%22:%22Email Address%22,%22checked%22:0}%93&#8243; select_options=&#8221;%91{%22value%22:%22Email Address%22,%22checked%22:0}%93&#8243; min_length=&#8221;0&#8243; max_length=&#8221;0&#8243; allowed_symbols=&#8221;all&#8221; conditional_logic=&#8221;off&#8221; conditional_logic_relation=&#8221;off&#8221; conditional_logic_rules=&#8221;%91{%22field%22:%22name%22,%22condition%22:%22is%22,%22value%22:%22%22}%93&#8243; link_option_url_new_window=&#8221;off&#8221; use_background_color_gradient=&#8221;off&#8221; background_color_gradient_start=&#8221;#2b87da&#8221; background_color_gradient_end=&#8221;#29c4a9&#8243; background_color_gradient_type=&#8221;linear&#8221; background_color_gradient_direction=&#8221;180deg&#8221; background_color_gradient_direction_radial=&#8221;center&#8221; background_color_gradient_start_position=&#8221;0%&#8221; background_color_gradient_end_position=&#8221;100%&#8221; background_color_gradient_overlays_image=&#8221;off&#8221; parallax=&#8221;off&#8221; parallax_method=&#8221;on&#8221; background_size=&#8221;cover&#8221; background_position=&#8221;center&#8221; background_repeat=&#8221;no-repeat&#8221; background_blend=&#8221;normal&#8221; allow_player_pause=&#8221;off&#8221; background_video_pause_outside_viewport=&#8221;on&#8221; form_field_text_shadow_style=&#8221;none&#8221; box_shadow_style=&#8221;none&#8221; hover_transition_duration=&#8221;300ms&#8221; hover_transition_delay=&#8221;0ms&#8221; hover_transition_speed_curve=&#8221;ease&#8221; form_field_text_shadow_horizontal_length=&#8221;0em&#8221; form_field_text_shadow_vertical_length=&#8221;0em&#8221; form_field_text_shadow_blur_strength=&#8221;0em&#8221; \/][et_pb_contact_field _builder_version=&#8221;3.19.2&#8243; field_id=&#8221;phone&#8221; field_title=&#8221;Contato telef\u00f3nico&#8221; field_type=&#8221;input&#8221; checkbox_checked=&#8221;off&#8221; checkbox_options=&#8221;%91{%22value%22:%22%22,%22checked%22:0}%93&#8243; radio_options=&#8221;%91{%22value%22:%22%22,%22checked%22:0}%93&#8243; select_options=&#8221;%91{%22value%22:%22%22,%22checked%22:0}%93&#8243; min_length=&#8221;0&#8243; max_length=&#8221;0&#8243; allowed_symbols=&#8221;numbers&#8221; required_mark=&#8221;on&#8221; conditional_logic=&#8221;off&#8221; conditional_logic_relation=&#8221;off&#8221; conditional_logic_rules=&#8221;%91{%22field%22:%22name%22,%22condition%22:%22is%22,%22value%22:%22%22}%93&#8243; link_option_url_new_window=&#8221;off&#8221; use_background_color_gradient=&#8221;off&#8221; background_color_gradient_start=&#8221;#2b87da&#8221; background_color_gradient_end=&#8221;#29c4a9&#8243; background_color_gradient_type=&#8221;linear&#8221; background_color_gradient_direction=&#8221;180deg&#8221; background_color_gradient_direction_radial=&#8221;center&#8221; background_color_gradient_start_position=&#8221;0%&#8221; background_color_gradient_end_position=&#8221;100%&#8221; background_color_gradient_overlays_image=&#8221;off&#8221; parallax=&#8221;off&#8221; parallax_method=&#8221;on&#8221; background_size=&#8221;cover&#8221; background_position=&#8221;center&#8221; background_repeat=&#8221;no-repeat&#8221; background_blend=&#8221;normal&#8221; allow_player_pause=&#8221;off&#8221; background_video_pause_outside_viewport=&#8221;on&#8221; fullwidth_field=&#8221;on&#8221; form_field_text_shadow_style=&#8221;none&#8221; box_shadow_style=&#8221;none&#8221; hover_transition_duration=&#8221;300ms&#8221; hover_transition_delay=&#8221;0ms&#8221; hover_transition_speed_curve=&#8221;ease&#8221; form_field_text_shadow_horizontal_length=&#8221;0em&#8221; form_field_text_shadow_vertical_length=&#8221;0em&#8221; form_field_text_shadow_blur_strength=&#8221;0em&#8221; \/][et_pb_contact_field _builder_version=&#8221;3.19.2&#8243; field_id=&#8221;perda&#8221; field_title=&#8221;A pessoa que perdeu era o(a) seu&#8230;&#8221; field_type=&#8221;select&#8221; checkbox_checked=&#8221;off&#8221; checkbox_options=&#8221;%91{%22value%22:%22%22,%22checked%22:0}%93&#8243; radio_options=&#8221;%91{%22value%22:%22%22,%22checked%22:0}%93&#8243; select_options=&#8221;%91{%22value%22:%22Marido%22,%22checked%22:0},{%22value%22:%22Esposa%22,%22checked%22:0},{%22value%22:%22Companheiro(a)%22,%22checked%22:0},{%22value%22:%22Pai%22,%22checked%22:0},{%22value%22:%22M\u00e3e%22,%22checked%22:0},{%22value%22:%22Irm\u00e3o%22,%22checked%22:0},{%22value%22:%22Irm\u00e3%22,%22checked%22:0},{%22value%22:%22Amigo(a)%22,%22checked%22:0},{%22value%22:%22Outro(a)%22,%22checked%22:0}%93&#8243; min_length=&#8221;0&#8243; max_length=&#8221;0&#8243; allowed_symbols=&#8221;all&#8221; required_mark=&#8221;on&#8221; conditional_logic=&#8221;off&#8221; conditional_logic_relation=&#8221;off&#8221; conditional_logic_rules=&#8221;%91{%22field%22:%22name%22,%22condition%22:%22is%22,%22value%22:%22%22}%93&#8243; link_option_url_new_window=&#8221;off&#8221; use_background_color_gradient=&#8221;off&#8221; background_color_gradient_start=&#8221;#2b87da&#8221; background_color_gradient_end=&#8221;#29c4a9&#8243; background_color_gradient_type=&#8221;linear&#8221; background_color_gradient_direction=&#8221;180deg&#8221; background_color_gradient_direction_radial=&#8221;center&#8221; background_color_gradient_start_position=&#8221;0%&#8221; background_color_gradient_end_position=&#8221;100%&#8221; background_color_gradient_overlays_image=&#8221;off&#8221; parallax=&#8221;off&#8221; parallax_method=&#8221;on&#8221; background_size=&#8221;cover&#8221; background_position=&#8221;center&#8221; background_repeat=&#8221;no-repeat&#8221; background_blend=&#8221;normal&#8221; allow_player_pause=&#8221;off&#8221; background_video_pause_outside_viewport=&#8221;on&#8221; fullwidth_field=&#8221;off&#8221; form_field_text_shadow_style=&#8221;none&#8221; box_shadow_style=&#8221;none&#8221; hover_transition_duration=&#8221;300ms&#8221; hover_transition_delay=&#8221;0ms&#8221; hover_transition_speed_curve=&#8221;ease&#8221; form_field_text_shadow_horizontal_length=&#8221;0em&#8221; form_field_text_shadow_vertical_length=&#8221;0em&#8221; form_field_text_shadow_blur_strength=&#8221;0em&#8221; \/][et_pb_contact_field _builder_version=&#8221;3.19.2&#8243; field_id=&#8221;outro&#8221; field_title=&#8221;Se escolheu %22Outro(a)%22, por favor especifique a s\u00faa rela\u00e7\u00e3o com a pessoa&#8221; field_type=&#8221;input&#8221; checkbox_checked=&#8221;off&#8221; checkbox_options=&#8221;%91{%22value%22:%22%22,%22checked%22:0}%93&#8243; radio_options=&#8221;%91{%22value%22:%22%22,%22checked%22:0}%93&#8243; select_options=&#8221;%91{%22value%22:%22%22,%22checked%22:0}%93&#8243; min_length=&#8221;0&#8243; max_length=&#8221;0&#8243; allowed_symbols=&#8221;all&#8221; required_mark=&#8221;on&#8221; conditional_logic=&#8221;off&#8221; conditional_logic_relation=&#8221;off&#8221; conditional_logic_rules=&#8221;%91{%22field%22:%22name%22,%22condition%22:%22is%22,%22value%22:%22%22}%93&#8243; link_option_url_new_window=&#8221;off&#8221; use_background_color_gradient=&#8221;off&#8221; background_color_gradient_start=&#8221;#2b87da&#8221; background_color_gradient_end=&#8221;#29c4a9&#8243; background_color_gradient_type=&#8221;linear&#8221; background_color_gradient_direction=&#8221;180deg&#8221; background_color_gradient_direction_radial=&#8221;center&#8221; background_color_gradient_start_position=&#8221;0%&#8221; background_color_gradient_end_position=&#8221;100%&#8221; background_color_gradient_overlays_image=&#8221;off&#8221; parallax=&#8221;off&#8221; parallax_method=&#8221;on&#8221; background_size=&#8221;cover&#8221; background_position=&#8221;center&#8221; background_repeat=&#8221;no-repeat&#8221; background_blend=&#8221;normal&#8221; allow_player_pause=&#8221;off&#8221; background_video_pause_outside_viewport=&#8221;on&#8221; fullwidth_field=&#8221;off&#8221; form_field_text_shadow_style=&#8221;none&#8221; box_shadow_style=&#8221;none&#8221; hover_transition_duration=&#8221;300ms&#8221; hover_transition_delay=&#8221;0ms&#8221; hover_transition_speed_curve=&#8221;ease&#8221; \/][et_pb_contact_field _builder_version=&#8221;3.19.2&#8243; field_id=&#8221;data_perda&#8221; field_title=&#8221;Data da perda (DD\/MM\/YYYY)&#8221; field_type=&#8221;input&#8221; checkbox_checked=&#8221;off&#8221; checkbox_options=&#8221;%91{%22value%22:%22%22,%22checked%22:0}%93&#8243; radio_options=&#8221;%91{%22value%22:%22%22,%22checked%22:0}%93&#8243; select_options=&#8221;%91{%22value%22:%22%22,%22checked%22:0}%93&#8243; min_length=&#8221;0&#8243; max_length=&#8221;0&#8243; allowed_symbols=&#8221;numbers&#8221; required_mark=&#8221;on&#8221; conditional_logic=&#8221;off&#8221; conditional_logic_relation=&#8221;off&#8221; conditional_logic_rules=&#8221;%91{%22field%22:%22name%22,%22condition%22:%22is%22,%22value%22:%22%22}%93&#8243; link_option_url_new_window=&#8221;off&#8221; use_background_color_gradient=&#8221;off&#8221; background_color_gradient_start=&#8221;#2b87da&#8221; background_color_gradient_end=&#8221;#29c4a9&#8243; background_color_gradient_type=&#8221;linear&#8221; background_color_gradient_direction=&#8221;180deg&#8221; background_color_gradient_direction_radial=&#8221;center&#8221; background_color_gradient_start_position=&#8221;0%&#8221; background_color_gradient_end_position=&#8221;100%&#8221; background_color_gradient_overlays_image=&#8221;off&#8221; parallax=&#8221;off&#8221; parallax_method=&#8221;on&#8221; background_size=&#8221;cover&#8221; background_position=&#8221;center&#8221; background_repeat=&#8221;no-repeat&#8221; background_blend=&#8221;normal&#8221; allow_player_pause=&#8221;off&#8221; background_video_pause_outside_viewport=&#8221;on&#8221; fullwidth_field=&#8221;off&#8221; form_field_text_shadow_style=&#8221;none&#8221; box_shadow_style=&#8221;none&#8221; hover_transition_duration=&#8221;300ms&#8221; hover_transition_delay=&#8221;0ms&#8221; hover_transition_speed_curve=&#8221;ease&#8221; form_field_text_shadow_horizontal_length=&#8221;0em&#8221; form_field_text_shadow_vertical_length=&#8221;0em&#8221; form_field_text_shadow_blur_strength=&#8221;0em&#8221; \/][et_pb_contact_field _builder_version=&#8221;3.19.2&#8243; field_id=&#8221;causa_perda&#8221; field_title=&#8221;Motivo da perda&#8221; field_type=&#8221;input&#8221; checkbox_checked=&#8221;off&#8221; checkbox_options=&#8221;%91{%22value%22:%22%22,%22checked%22:0}%93&#8243; radio_options=&#8221;%91{%22value%22:%22%22,%22checked%22:0}%93&#8243; select_options=&#8221;%91{%22value%22:%22%22,%22checked%22:0}%93&#8243; min_length=&#8221;0&#8243; max_length=&#8221;0&#8243; allowed_symbols=&#8221;all&#8221; required_mark=&#8221;on&#8221; conditional_logic=&#8221;off&#8221; conditional_logic_relation=&#8221;off&#8221; conditional_logic_rules=&#8221;%91{%22field%22:%22name%22,%22condition%22:%22is%22,%22value%22:%22%22}%93&#8243; link_option_url_new_window=&#8221;off&#8221; use_background_color_gradient=&#8221;off&#8221; background_color_gradient_start=&#8221;#2b87da&#8221; background_color_gradient_end=&#8221;#29c4a9&#8243; background_color_gradient_type=&#8221;linear&#8221; background_color_gradient_direction=&#8221;180deg&#8221; background_color_gradient_direction_radial=&#8221;center&#8221; background_color_gradient_start_position=&#8221;0%&#8221; background_color_gradient_end_position=&#8221;100%&#8221; background_color_gradient_overlays_image=&#8221;off&#8221; parallax=&#8221;off&#8221; parallax_method=&#8221;on&#8221; background_size=&#8221;cover&#8221; background_position=&#8221;center&#8221; background_repeat=&#8221;no-repeat&#8221; background_blend=&#8221;normal&#8221; allow_player_pause=&#8221;off&#8221; background_video_pause_outside_viewport=&#8221;on&#8221; fullwidth_field=&#8221;off&#8221; form_field_text_shadow_style=&#8221;none&#8221; box_shadow_style=&#8221;none&#8221; hover_transition_duration=&#8221;300ms&#8221; hover_transition_delay=&#8221;0ms&#8221; hover_transition_speed_curve=&#8221;ease&#8221; \/][et_pb_contact_field field_title=&#8221;Informa\u00e7\u00e3o adicional sobre a s\u00faa perda&#8221; field_type=&#8221;text&#8221; field_id=&#8221;info_perda&#8221; required_mark=&#8221;on&#8221; fullwidth_field=&#8221;on&#8221; _builder_version=&#8221;3.19.2&#8243; checkbox_checked=&#8221;off&#8221; checkbox_options=&#8221;%91{%22value%22:%22Message%22,%22checked%22:0}%93&#8243; radio_options=&#8221;%91{%22value%22:%22Message%22,%22checked%22:0}%93&#8243; select_options=&#8221;%91{%22value%22:%22Message%22,%22checked%22:0}%93&#8243; min_length=&#8221;0&#8243; max_length=&#8221;0&#8243; allowed_symbols=&#8221;all&#8221; conditional_logic=&#8221;off&#8221; conditional_logic_relation=&#8221;off&#8221; conditional_logic_rules=&#8221;%91{%22field%22:%22name%22,%22condition%22:%22is%22,%22value%22:%22%22}%93&#8243; link_option_url_new_window=&#8221;off&#8221; use_background_color_gradient=&#8221;off&#8221; background_color_gradient_start=&#8221;#2b87da&#8221; background_color_gradient_end=&#8221;#29c4a9&#8243; background_color_gradient_type=&#8221;linear&#8221; background_color_gradient_direction=&#8221;180deg&#8221; background_color_gradient_direction_radial=&#8221;center&#8221; background_color_gradient_start_position=&#8221;0%&#8221; background_color_gradient_end_position=&#8221;100%&#8221; background_color_gradient_overlays_image=&#8221;off&#8221; parallax=&#8221;off&#8221; parallax_method=&#8221;on&#8221; background_size=&#8221;cover&#8221; background_position=&#8221;center&#8221; background_repeat=&#8221;no-repeat&#8221; background_blend=&#8221;normal&#8221; allow_player_pause=&#8221;off&#8221; background_video_pause_outside_viewport=&#8221;on&#8221; form_field_text_shadow_style=&#8221;none&#8221; box_shadow_style=&#8221;none&#8221; hover_transition_duration=&#8221;300ms&#8221; hover_transition_delay=&#8221;0ms&#8221; hover_transition_speed_curve=&#8221;ease&#8221; form_field_text_shadow_horizontal_length=&#8221;0em&#8221; form_field_text_shadow_vertical_length=&#8221;0em&#8221; form_field_text_shadow_blur_strength=&#8221;0em&#8221; \/][\/et_pb_contact_form][et_pb_divider _builder_version=&#8221;3.17.2&#8243; custom_margin=&#8221;0px|||&#8221; show_divider=&#8221;off&#8221; height=&#8221;40px&#8221; \/][et_pb_slider admin_label=&#8221;Slider Contact&#8221; _builder_version=&#8221;3.17.2&#8243; show_arrows=&#8221;off&#8221; show_pagination=&#8221;off&#8221; background_image=&#8221;https:\/\/baselunar.com\/kerem2\/wp-content\/uploads\/2018\/10\/slide_bg_universidade_do_minho.jpg&#8221; background_position=&#8221;top_center&#8221;][et_pb_slide _builder_version=&#8221;3.17.2&#8243; button_link=&#8221;#&#8221; button_link_2=&#8221;#&#8221; url_new_window=&#8221;off&#8221; link_option_url_new_window=&#8221;off&#8221; background_color=&#8221;#ffffff&#8221; use_background_color_gradient=&#8221;off&#8221; background_color_gradient_start=&#8221;#2b87da&#8221; background_color_gradient_end=&#8221;#29c4a9&#8243; background_color_gradient_type=&#8221;linear&#8221; background_color_gradient_direction=&#8221;180deg&#8221; background_color_gradient_direction_radial=&#8221;center&#8221; background_color_gradient_start_position=&#8221;0%&#8221; background_color_gradient_end_position=&#8221;100%&#8221; background_color_gradient_overlays_image=&#8221;off&#8221; parallax=&#8221;off&#8221; parallax_method=&#8221;on&#8221; background_size=&#8221;cover&#8221; background_position=&#8221;center&#8221; background_repeat=&#8221;no-repeat&#8221; background_blend=&#8221;normal&#8221; allow_player_pause=&#8221;off&#8221; background_video_pause_outside_viewport=&#8221;on&#8221; admin_title=&#8221;Slide contact&#8221; use_bg_overlay=&#8221;off&#8221; use_text_overlay=&#8221;off&#8221; text_border_radius=&#8221;3&#8243; alignment=&#8221;center&#8221; child_filter_hue_rotate=&#8221;0deg&#8221; child_filter_saturate=&#8221;100%&#8221; child_filter_brightness=&#8221;100%&#8221; child_filter_contrast=&#8221;100%&#8221; child_filter_invert=&#8221;0%&#8221; child_filter_sepia=&#8221;0%&#8221; child_filter_opacity=&#8221;100%&#8221; child_filter_blur=&#8221;0px&#8221; child_mix_blend_mode=&#8221;normal&#8221; background_layout=&#8221;dark&#8221; text_shadow_style=&#8221;none&#8221; header_text_shadow_style=&#8221;none&#8221; body_text_shadow_style=&#8221;none&#8221; custom_button=&#8221;off&#8221; button_bg_use_color_gradient=&#8221;off&#8221; button_bg_color_gradient_overlays_image=&#8221;off&#8221; button_use_icon=&#8221;on&#8221; button_on_hover=&#8221;on&#8221; button_text_shadow_style=&#8221;none&#8221; box_shadow_style_button=&#8221;none&#8221; hover_transition_duration=&#8221;300ms&#8221; hover_transition_delay=&#8221;0ms&#8221; hover_transition_speed_curve=&#8221;ease&#8221; \/][\/et_pb_slider][\/et_pb_column][\/et_pb_row][\/et_pb_section]<\/p>\n","protected":false},"excerpt":{"rendered":"<p><div class=\"et_pb_row et_pb_row_0 et_pb_row_empty\">\n\t\t\t\t\n\t\t\t\t\n\t\t\t\t\n\t\t\t\t\n\t\t\t\t\n\t\t\t<\/div> Formul\u00e1rio de contacto Todas as informa\u00e7\u00f5es facultadas nesta p\u00e1gina s\u00e3o confidenciais e n\u00e3o ser\u00e3o usadas para nenhum outro fim exceto o de contatar as pessoas inscritas para a participa\u00e7\u00e3o no projeto de investiga\u00e7\u00e3o &#8220;Suporte social online no luto complicado&#8221;.\u00a0Por favor, indique-nos os seus contatos para que possamos falar consigo.Responda \u00e0s seguintes quest\u00f5es, para que [&hellip;]<\/p>\n","protected":false},"author":1,"featured_media":0,"parent":0,"menu_order":0,"comment_status":"closed","ping_status":"closed","template":"","meta":{"_et_pb_use_builder":"on","_et_pb_old_content":"<p><img class=\"size-thumbnail wp-image-99 alignleft\" src=\"https:\/\/baselunar.com\/kerem2\/wp-content\/uploads\/2018\/09\/microphone-1209816-150x150.jpg\" alt=\"\" width=\"150\" height=\"150\" \/><!-- wp:paragraph --><\/p><p>Nullam egestas iaculis dui, vitae blandit risus luctus et. Pellentesque ac vulputate purus. Pellentesque quis dui turpis. Vivamus gravida, eros eu imperdiet dapibus, ex massa faucibus justo, quis bibendum mauris turpis ut diam. Cras luctus eu dolor sed dapibus. Quisque a diam vel justo tempus volutpat. Nullam lorem neque, rutrum vitae ex ut, dapibus maximus risus. Curabitur quis nisi ultricies, gravida nisi vel, aliquet metus. In non vestibulum ex. Curabitur sit amet risus sed nulla ultricies porta vel sed arcu. Cras dui mi, posuere et rhoncus eget, aliquam eu sapien.<\/p><p>\u00a0<\/p><p>\u00a0<\/p><p>\u00a0<\/p><p>\u00a0<\/p><p><!-- \/wp:paragraph --><\/p>","_et_gb_content_width":"","footnotes":""},"class_list":["post-13","page","type-page","status-publish","hentry"],"_links":{"self":[{"href":"https:\/\/baselunar.com\/kerem2\/wp-json\/wp\/v2\/pages\/13","targetHints":{"allow":["GET"]}}],"collection":[{"href":"https:\/\/baselunar.com\/kerem2\/wp-json\/wp\/v2\/pages"}],"about":[{"href":"https:\/\/baselunar.com\/kerem2\/wp-json\/wp\/v2\/types\/page"}],"author":[{"embeddable":true,"href":"https:\/\/baselunar.com\/kerem2\/wp-json\/wp\/v2\/users\/1"}],"replies":[{"embeddable":true,"href":"https:\/\/baselunar.com\/kerem2\/wp-json\/wp\/v2\/comments?post=13"}],"version-history":[{"count":37,"href":"https:\/\/baselunar.com\/kerem2\/wp-json\/wp\/v2\/pages\/13\/revisions"}],"predecessor-version":[{"id":617,"href":"https:\/\/baselunar.com\/kerem2\/wp-json\/wp\/v2\/pages\/13\/revisions\/617"}],"wp:attachment":[{"href":"https:\/\/baselunar.com\/kerem2\/wp-json\/wp\/v2\/media?parent=13"}],"curies":[{"name":"wp","href":"https:\/\/api.w.org\/{rel}","templated":true}]}}