{"id":30163,"date":"2017-09-07T16:52:59","date_gmt":"2017-09-07T16:52:59","guid":{"rendered":"https:\/\/baselunar.com\/flopo\/?page_id=30163"},"modified":"2017-09-17T20:31:34","modified_gmt":"2017-09-17T20:31:34","slug":"servicos","status":"publish","type":"page","link":"https:\/\/baselunar.com\/flopo\/servicos\/","title":{"rendered":"Servi\u00e7os"},"content":{"rendered":"<p>[et_pb_section bb_built=&#8221;1&#8243; fullwidth=&#8221;on&#8221; specialty=&#8221;off&#8221;][et_pb_fullwidth_slider _builder_version=&#8221;3.0.72&#8243; show_arrows=&#8221;off&#8221; show_pagination=&#8221;off&#8221; parallax=&#8221;off&#8221; parallax_method=&#8221;off&#8221; remove_inner_shadow=&#8221;off&#8221; custom_button=&#8221;off&#8221; button_letter_spacing=&#8221;0&#8243; button_icon_placement=&#8221;right&#8221; button_letter_spacing_hover=&#8221;0&#8243; auto=&#8221;off&#8221; auto_ignore_hover=&#8221;off&#8221; hide_content_on_mobile=&#8221;off&#8221; hide_cta_on_mobile=&#8221;off&#8221; show_image_video_mobile=&#8221;off&#8221; show_inner_shadow=&#8221;on&#8221; show_content_on_mobile=&#8221;on&#8221; show_cta_on_mobile=&#8221;on&#8221; custom_padding=&#8221;|||&#8221; custom_padding_tablet=&#8221;|||&#8221; custom_padding_phone=&#8221;|||&#8221;]<\/p>\n<p>[et_pb_slide background_color=&#8221;#ffffff&#8221; use_background_color_gradient=&#8221;off&#8221; background_color_gradient_start=&#8221;#2b87da&#8221; background_color_gradient_end=&#8221;#29c4a9&#8243; background_color_gradient_type=&#8221;linear&#8221; background_color_gradient_direction=&#8221;180deg&#8221; background_color_gradient_direction_radial=&#8221;center&#8221; background_color_gradient_start_position=&#8221;0%&#8221; background_color_gradient_end_position=&#8221;100%&#8221; background_image=&#8221;https:\/\/baselunar.com\/flopo\/wp-content\/uploads\/2017\/08\/slider_bg_3_satured.jpg&#8221; parallax=&#8221;off&#8221; parallax_method=&#8221;off&#8221; background_position=&#8221;bottom_center&#8221; background_size=&#8221;cover&#8221; background_repeat=&#8221;no-repeat&#8221; background_blend=&#8221;normal&#8221; allow_player_pause=&#8221;off&#8221; use_bg_overlay=&#8221;off&#8221; use_text_overlay=&#8221;off&#8221; text_border_radius=&#8221;3&#8243; alignment=&#8221;bottom&#8221; background_layout=&#8221;dark&#8221; header_font_select=&#8221;default&#8221; header_font=&#8221;||||&#8221; body_font_select=&#8221;default&#8221; body_font=&#8221;||||&#8221; custom_button=&#8221;off&#8221; button_font_select=&#8221;default&#8221; button_font=&#8221;||||&#8221; button_use_icon=&#8221;default&#8221; button_icon_placement=&#8221;right&#8221; button_on_hover=&#8221;on&#8221; \/]<\/p>\n<p>[\/et_pb_fullwidth_slider][\/et_pb_section][et_pb_section bb_built=&#8221;1&#8243;][et_pb_row][et_pb_column type=&#8221;1_3&#8243;][et_pb_image _builder_version=&#8221;3.0.72&#8243; src=&#8221;https:\/\/baselunar.com\/flopo\/wp-content\/uploads\/2017\/08\/icon_projectmanagement.jpg&#8221; show_in_lightbox=&#8221;off&#8221; url_new_window=&#8221;off&#8221; use_overlay=&#8221;off&#8221; sticky=&#8221;off&#8221; align=&#8221;left&#8221; always_center_on_mobile=&#8221;on&#8221; border_style=&#8221;solid&#8221; force_fullwidth=&#8221;off&#8221; \/][et_pb_image _builder_version=&#8221;3.0.72&#8243; src=&#8221;https:\/\/baselunar.com\/flopo\/wp-content\/uploads\/2017\/08\/icon_reabilitar.jpg&#8221; show_in_lightbox=&#8221;off&#8221; url_new_window=&#8221;off&#8221; use_overlay=&#8221;off&#8221; sticky=&#8221;off&#8221; align=&#8221;left&#8221; always_center_on_mobile=&#8221;on&#8221; border_style=&#8221;solid&#8221; force_fullwidth=&#8221;off&#8221; \/][et_pb_image _builder_version=&#8221;3.0.72&#8243; src=&#8221;https:\/\/baselunar.com\/flopo\/wp-content\/uploads\/2017\/08\/icon_build.jpg&#8221; show_in_lightbox=&#8221;off&#8221; url_new_window=&#8221;off&#8221; use_overlay=&#8221;off&#8221; sticky=&#8221;off&#8221; align=&#8221;left&#8221; always_center_on_mobile=&#8221;on&#8221; border_style=&#8221;solid&#8221; force_fullwidth=&#8221;off&#8221; \/][\/et_pb_column][et_pb_column type=&#8221;2_3&#8243;][et_pb_text _builder_version=&#8221;3.0.72&#8243; background_layout=&#8221;light&#8221; text_orientation=&#8221;left&#8221; border_style=&#8221;solid&#8221; module_alignment=&#8221;left&#8221;]<\/p>\n<p>Possu\u00edmos uma s\u00f3lida base t\u00e9cnica e experi\u00eancia no ramo da constru\u00e7\u00e3o, o que nos permite fornecer todo tipo de servi\u00e7os com uma elevada qualidade e garantia total. Acompanhamos ao Cliente em todas as fases do processo, desde o projecto inicial \u00e0 inaugura\u00e7\u00e3o da obra, e oferecemos um servi\u00e7o transparente que permite ao Cliente a observa\u00e7\u00e3o do andamento da obra, quer em regime de Chave na M\u00e3o, quer em regime de Open Book.<\/p>\n<p>A FL Constru\u00e7\u00f5es, estando atenta \u00e0s necessidades dos Clientes, \u00e9 uma empresa concebida para criar obras de pequena dimens\u00e3o, mas com base no conhecimento e experi\u00eancia do modo de trabalhar das grandes empresas. Atenta \u00e0s mudan\u00e7as e oportunidades do mercado tem tamb\u00e9m o objectivo de servir sempre melhor os seus Clientes. Procuramos, assim, com clareza, objectividade e dedica\u00e7\u00e3o aumentar o valor dos seus investimentos.<\/p>\n<p>Uma das nossas paix\u00f5es \u00e9 devolver a vida e a alegria aos nossos centros hist\u00f3ricos reabilitando e reconstru\u00edndo joias arquitet\u00f3nicas em estado de degrada\u00e7\u00e3o. Somos apaixonados pelo nosso patrim\u00f3nio e acreditamos ser a empresa certa para o sucesso de muitas reabilita\u00e7\u00f5es de edif\u00edcios.<\/p>\n<p>Os servi\u00e7os que prestamos permitem aos nossos clientes a poupan\u00e7a de tempo, de recursos log\u00edsticos e de custos. Salientamos as nossas compet\u00eancias na elabora\u00e7\u00e3o do servi\u00e7o de projeto de arquitetura, suas fases e seu licenciamento; no desenvolvimento de todos os projetos de especialidade; nos loteamentos, planos de pormenor e masterplans; no design de mobili\u00e1rio e produto; na decora\u00e7\u00e3o e arquitetura de interiores de todo o tipo de usos; na elabora\u00e7\u00e3o de estudos de arquitetura paisag\u00edstica ; e por fim na rigorosa fiscaliza\u00e7\u00e3o de obras de constru\u00e7\u00e3o de pequena e m\u00e9dia dimens\u00e3o.<\/p>\n<p><strong>Alguns dos nossos servi\u00e7os:<\/strong><\/p>\n<p><strong>FACHADAS<\/strong><\/p>\n<ul>\n<li>Etics (External Thermal Insulation Composite Systems)<\/li>\n<li>Barramento Delgado Armado<\/li>\n<li>Pinturas<\/li>\n<li>Tratamento de Fachadas<\/li>\n<li>Cer\u00e2mica<\/li>\n<li>Manuten\u00e7\u00e3o<\/li>\n<\/ul>\n<p><strong>PAVIMENTOS<\/strong><\/p>\n<ul>\n<li>Outros Servi\u00e7os<\/li>\n<li>Impermeabiliza\u00e7\u00e3o<\/li>\n<\/ul>\n<p><strong>COBERTURAS<\/strong><\/p>\n<ul>\n<li>Telhados em Painel Sandwich<\/li>\n<li>Repara\u00e7\u00e3o e Manuten\u00e7\u00e3o<\/li>\n<\/ul>\n<p>&nbsp;<\/p>\n<p><strong>CONSTRU\u00c7\u00c3O<\/strong><\/p>\n<p><strong>REABILITA\u00c7\u00c3O<\/strong><\/p>\n<p><strong>OUTROS SERVI\u00c7OS<\/strong><\/p>\n<ul>\n<li>Project Management<\/li>\n<li>Fiscaliza\u00e7\u00e3o de Obras<\/li>\n<\/ul>\n<p>&nbsp;<\/p>\n<p><strong>Tipos de obras nas que estamos especializados:<\/strong><\/p>\n<p>&nbsp;<\/p>\n<ul>\n<li>Pequenas repara\u00e7\u00f5es<\/li>\n<li>Remodela\u00e7\u00e3o parcial<\/li>\n<li>Remodela\u00e7\u00e3o geral<\/li>\n<li>Remodela\u00e7\u00e3o de cozinhas<\/li>\n<li>Remodela\u00e7\u00e3o de casas de banho<\/li>\n<li>Pintura de fachadas<\/li>\n<li>Recupera\u00e7\u00e3o de coberturas<\/li>\n<li>Recupera\u00e7\u00e3o de edif\u00edcios antigos<\/li>\n<li>Constru\u00e7\u00e3o de morad\u00edas (Modernas de Luxo\/Low Cost)<\/li>\n<li>Projetos de Arquitectura<\/li>\n<li>Projetos de Especialidades<\/li>\n<li>Licenciamento de obras<\/li>\n<li>Constru\u00e7\u00e3o de piscinas<\/li>\n<li>Pavimento exteriores<\/li>\n<li>Pain\u00e9is solares<\/li>\n<li>Decora\u00e7\u00e3o<\/li>\n<li>Fiscaliza\u00e7\u00e3o<\/li>\n<li>Outras<\/li>\n<\/ul>\n<p>[\/et_pb_text][\/et_pb_column][\/et_pb_row][et_pb_row _builder_version=&#8221;3.0.72&#8243; background_repeat_1=&#8221;no-repeat&#8221; disabled=&#8221;on&#8221; disabled_on=&#8221;on|on|on&#8221;][et_pb_column type=&#8221;4_4&#8243;][et_pb_slider _builder_version=&#8221;3.0.72&#8243; show_arrows=&#8221;on&#8221; show_pagination=&#8221;off&#8221; parallax=&#8221;off&#8221; parallax_method=&#8221;off&#8221; remove_inner_shadow=&#8221;off&#8221; custom_button=&#8221;off&#8221; button_letter_spacing=&#8221;0&#8243; button_icon_placement=&#8221;right&#8221; button_letter_spacing_hover=&#8221;0&#8243; auto=&#8221;off&#8221; auto_ignore_hover=&#8221;off&#8221; hide_content_on_mobile=&#8221;off&#8221; hide_cta_on_mobile=&#8221;off&#8221; show_image_video_mobile=&#8221;off&#8221;]<\/p>\n<p>[et_pb_slide background_color=&#8221;#ffffff&#8221; use_background_color_gradient=&#8221;off&#8221; background_color_gradient_start=&#8221;#2b87da&#8221; background_color_gradient_end=&#8221;#29c4a9&#8243; background_color_gradient_type=&#8221;linear&#8221; background_color_gradient_direction=&#8221;180deg&#8221; background_color_gradient_direction_radial=&#8221;center&#8221; background_color_gradient_start_position=&#8221;0%&#8221; background_color_gradient_end_position=&#8221;100%&#8221; background_image=&#8221;https:\/\/baselunar.com\/flopo\/wp-content\/uploads\/2017\/08\/slider_bg_3_satured.jpg&#8221; parallax=&#8221;off&#8221; parallax_method=&#8221;off&#8221; background_position=&#8221;top_center&#8221; background_size=&#8221;cover&#8221; background_repeat=&#8221;no-repeat&#8221; background_blend=&#8221;normal&#8221; allow_player_pause=&#8221;off&#8221; use_bg_overlay=&#8221;off&#8221; use_text_overlay=&#8221;off&#8221; text_border_radius=&#8221;3&#8243; alignment=&#8221;center&#8221; background_layout=&#8221;dark&#8221; header_font_select=&#8221;default&#8221; header_font=&#8221;||||&#8221; body_font_select=&#8221;default&#8221; body_font=&#8221;||||&#8221; custom_button=&#8221;off&#8221; button_font_select=&#8221;default&#8221; button_font=&#8221;||||&#8221; button_use_icon=&#8221;default&#8221; button_icon_placement=&#8221;right&#8221; button_on_hover=&#8221;on&#8221; \/]<\/p>\n<p>[\/et_pb_slider][\/et_pb_column][\/et_pb_row][\/et_pb_section][et_pb_section bb_built=&#8221;1&#8243; fullwidth=&#8221;on&#8221; specialty=&#8221;off&#8221; _builder_version=&#8221;3.0.75&#8243; inner_shadow=&#8221;on&#8221; custom_padding=&#8221;100px||150px|&#8221; background_image=&#8221;https:\/\/baselunar.com\/flopo\/wp-content\/uploads\/2017\/08\/planos.jpg&#8221;][et_pb_fullwidth_image _builder_version=&#8221;3.0.75&#8243; show_in_lightbox=&#8221;off&#8221; url_new_window=&#8221;off&#8221; use_overlay=&#8221;off&#8221; border_style=&#8221;solid&#8221; animation=&#8221;left&#8221; animation_direction=&#8221;left&#8221; animation_style=&#8221;slide&#8221; animation_duration=&#8221;500ms&#8221; animation_intensity_slide=&#8221;10%&#8221; \/][\/et_pb_section][et_pb_section bb_built=&#8221;1&#8243; fullwidth=&#8221;off&#8221; specialty=&#8221;off&#8221; _builder_version=&#8221;3.0.75&#8243; background_color=&#8221;#efefef&#8221; global_module=&#8221;30305&#8243;][et_pb_row global_parent=&#8221;30305&#8243; _builder_version=&#8221;3.0.75&#8243;][et_pb_column type=&#8221;1_4&#8243;][et_pb_text admin_label=&#8221;T\u00edtulo \u00faltimos projetos&#8221; global_parent=&#8221;30305&#8243; _builder_version=&#8221;3.0.75&#8243; background_layout=&#8221;light&#8221; border_style=&#8221;solid&#8221;]<\/p>\n<p><strong>\u00daltimos Projetos<\/strong><\/p>\n<p>[\/et_pb_text][et_pb_image admin_label=&#8221;Img \u00faltimos projetos&#8221; global_parent=&#8221;30305&#8243; _builder_version=&#8221;3.0.75&#8243; src=&#8221;https:\/\/baselunar.com\/flopo\/wp-content\/uploads\/2017\/09\/vila_cova.jpg&#8221; show_in_lightbox=&#8221;off&#8221; url=&#8221;https:\/\/baselunar.com\/flopo\/portfolio\/&#8221; url_new_window=&#8221;off&#8221; use_overlay=&#8221;on&#8221; always_center_on_mobile=&#8221;on&#8221; border_style=&#8221;solid&#8221; force_fullwidth=&#8221;off&#8221; show_bottom_space=&#8221;on&#8221; overlay_icon_color=&#8221;rgba(255,255,255,0.4)&#8221; hover_icon=&#8221;%%100%%&#8221; alt=&#8221;\u00daltimos Projetos&#8221; title_text=&#8221;\u00daltimos Projetos&#8221; hover_overlay_color=&#8221;rgba(255,255,255,0.4)&#8221; use_border_color=&#8221;on&#8221; border_width=&#8221;7px&#8221; \/][\/et_pb_column][et_pb_column type=&#8221;1_4&#8243;][et_pb_text admin_label=&#8221;T\u00edtulo Sobre N\u00f3s&#8221; global_parent=&#8221;30305&#8243; _builder_version=&#8221;3.0.75&#8243; background_layout=&#8221;light&#8221; border_style=&#8221;solid&#8221;]<\/p>\n<p><strong>Sobre n\u00f3s<\/strong><\/p>\n<p>[\/et_pb_text][et_pb_text admin_label=&#8221;Txt sobre n\u00f3s&#8221; global_parent=&#8221;30305&#8243; _builder_version=&#8221;3.0.75&#8243; background_layout=&#8221;light&#8221; border_style=&#8221;solid&#8221; text_font=&#8221;Nunito||||&#8221; header_font=&#8221;|on|||&#8221;]<\/p>\n<div class=\"textwidget\">\n<p><a href=\"https:\/\/baselunar.com\/flopo\/empresa\/\">Somos uma empresa do ramo da constru\u00e7\u00e3o direccionada para obras de reabilita\u00e7\u00e3o, restauro, remodela\u00e7\u00e3o, decora\u00e7\u00e3o e arquitectura de interiores de im\u00f3veis (edif\u00edcios, moradias, apartamentos, escrit\u00f3rios, restaurantes, lojas, armaz\u00e9ns, restaurantes, bares, etc).<\/a><\/p>\n<\/div>\n<p>[\/et_pb_text][\/et_pb_column][et_pb_column type=&#8221;1_4&#8243;][et_pb_text admin_label=&#8221;T\u00edtulo Mapa&#8221; global_parent=&#8221;30305&#8243; _builder_version=&#8221;3.0.75&#8243; background_layout=&#8221;light&#8221; border_style=&#8221;solid&#8221;]<\/p>\n<p><strong>Mapa Localiza\u00e7\u00e3o<\/strong><\/p>\n<p>[\/et_pb_text][et_pb_image admin_label=&#8221;Img Mapa&#8221; global_parent=&#8221;30305&#8243; _builder_version=&#8221;3.0.75&#8243; src=&#8221;https:\/\/baselunar.com\/flopo\/wp-content\/uploads\/2017\/08\/Mapa_FL2.png&#8221; show_in_lightbox=&#8221;off&#8221; url=&#8221;https:\/\/baselunar.com\/flopo\/contacto\/&#8221; url_new_window=&#8221;off&#8221; use_overlay=&#8221;on&#8221; always_center_on_mobile=&#8221;on&#8221; border_style=&#8221;solid&#8221; force_fullwidth=&#8221;off&#8221; show_bottom_space=&#8221;on&#8221; hover_icon=&#8221;%%124%%&#8221; overlay_icon_color=&#8221;rgba(255,255,255,0.4)&#8221; hover_overlay_color=&#8221;rgba(255,255,255,0.4)&#8221; use_border_color=&#8221;on&#8221; border_width=&#8221;7px&#8221; \/][\/et_pb_column][et_pb_column type=&#8221;1_4&#8243;][et_pb_text admin_label=&#8221;T\u00edtulo Dados Contacto&#8221; global_parent=&#8221;30305&#8243; _builder_version=&#8221;3.0.75&#8243; background_layout=&#8221;light&#8221; border_style=&#8221;solid&#8221;]<\/p>\n<p><strong>Dados de contacto<\/strong><\/p>\n<p>[\/et_pb_text][et_pb_text admin_label=&#8221;Txt Dados de contacto&#8221; global_parent=&#8221;30305&#8243; _builder_version=&#8221;3.0.75&#8243; background_layout=&#8221;light&#8221; border_style=&#8221;solid&#8221; text_font_size=&#8221;12&#8243; text_line_height=&#8221;1.6em&#8221;]<\/p>\n<p><b>FL Constru\u00e7\u00f5es, Lda.<\/b><\/p>\n<p><b>Alvar\u00e1:<\/b> 68930<br \/>\nhttp:\/\/www.fl.com.pt<br \/>\ngeral@fl.com.pt<br \/>\n<b>Morada:<\/b> Rua Brito e Cunha 254, 7\u00ba<br \/>\n4450-082 Matosinhos \u2013 Portugal<br \/>\n<b>T:<\/b> +351 229 386 603<br \/>\n<b>Hor\u00e1rio:<\/b> De 2\u00aa a 6\u00aa, de 9:00 a 18:00<\/p>\n<p>[\/et_pb_text][\/et_pb_column][\/et_pb_row][\/et_pb_section]<\/p>\n","protected":false},"excerpt":{"rendered":"<p><div class=\"et_pb_row et_pb_row_0 et_pb_row_empty\">\n\t\t\t\t\n\t\t\t\t\n\t\t\t\t\n\t\t\t\t\n\t\t\t\t\n\t\t\t<\/div> Possu\u00edmos uma s\u00f3lida base t\u00e9cnica e experi\u00eancia no ramo da constru\u00e7\u00e3o, o que nos permite fornecer todo tipo de servi\u00e7os com uma elevada qualidade e garantia total. Acompanhamos ao Cliente em todas as fases do processo, desde o projecto inicial \u00e0 inaugura\u00e7\u00e3o da obra, e oferecemos um servi\u00e7o transparente que permite ao Cliente a [&hellip;]<\/p>\n","protected":false},"author":1,"featured_media":0,"parent":0,"menu_order":0,"comment_status":"closed","ping_status":"closed","template":"","meta":{"_et_pb_use_builder":"on","_et_pb_old_content":"","_et_gb_content_width":"","footnotes":""},"class_list":["post-30163","page","type-page","status-publish","hentry"],"_links":{"self":[{"href":"https:\/\/baselunar.com\/flopo\/wp-json\/wp\/v2\/pages\/30163","targetHints":{"allow":["GET"]}}],"collection":[{"href":"https:\/\/baselunar.com\/flopo\/wp-json\/wp\/v2\/pages"}],"about":[{"href":"https:\/\/baselunar.com\/flopo\/wp-json\/wp\/v2\/types\/page"}],"author":[{"embeddable":true,"href":"https:\/\/baselunar.com\/flopo\/wp-json\/wp\/v2\/users\/1"}],"replies":[{"embeddable":true,"href":"https:\/\/baselunar.com\/flopo\/wp-json\/wp\/v2\/comments?post=30163"}],"version-history":[{"count":22,"href":"https:\/\/baselunar.com\/flopo\/wp-json\/wp\/v2\/pages\/30163\/revisions"}],"predecessor-version":[{"id":30323,"href":"https:\/\/baselunar.com\/flopo\/wp-json\/wp\/v2\/pages\/30163\/revisions\/30323"}],"wp:attachment":[{"href":"https:\/\/baselunar.com\/flopo\/wp-json\/wp\/v2\/media?parent=30163"}],"curies":[{"name":"wp","href":"https:\/\/api.w.org\/{rel}","templated":true}]}}